{"id":526,"date":"2015-11-16T22:29:19","date_gmt":"2015-11-16T22:29:19","guid":{"rendered":"http:\/\/demo.themeamber.com\/consultancy\/?page_id=2"},"modified":"2020-07-13T03:19:31","modified_gmt":"2020-07-13T03:19:31","slug":"home-2","status":"publish","type":"page","link":"https:\/\/servicomex.cr\/","title":{"rendered":"Inicio"},"content":{"rendered":"<p>[vc_row css=&#8221;.vc_custom_1451621340030{margin-top: -100px !important;margin-bottom: 0px !important;}&#8221;][vc_column][rev_slider_vc alias=&#8221;inicio&#8221;][\/vc_column][\/vc_row][vc_row full_width=&#8221;stretch_row&#8221; css=&#8221;.vc_custom_1451621476587{margin-bottom: 0px !important;background-color: #03a9f5 !important;}&#8221;][vc_column width=&#8221;1\/3&#8243; css=&#8221;.vc_custom_1451624060187{padding-top: 97px !important;padding-right: 50px !important;padding-bottom: 98px !important;}&#8221;][st_customheading heading=&#8221;\u00bfQui\u00e9nes somos? &#8221; heading_color=&#8221;#ffffff&#8221; margin_bottom=&#8221;32px&#8221; content_align=&#8221;text-default&#8221;][vc_column_text el_class=&#8221;text-whitesmoke&#8221;]Servicomex es una empresa asesora especializada en el \u00e1rea de comercio exterior y aduanas. Sus colaboradores han sido asesores y consultores para empresas privadas, sectores acad\u00e9micos, organismos internacionales y gobiernos.<\/p>\n<p>Busca apoyar el eficiente desarrollo de las empresas y contribuir con los esfuerzos por obtener las mayores ventajas del intercambio comercial para la sociedad.[\/vc_column_text][\/vc_column][vc_column width=&#8221;2\/3&#8243; css=&#8221;.vc_custom_1451624045846{padding-top: 97px !important;padding-bottom: 105px !important;padding-left: 43px !important;background-color: #f1f1f1 !important;}&#8221; el_class=&#8221;background-box&#8221;][st_customheading heading=&#8221;Servicios&#8221; margin_bottom=&#8221;37px&#8221; content_align=&#8221;text-default&#8221;][vc_row_inner css=&#8221;.vc_custom_1451347952570{padding-bottom: 45px !important;}&#8221;][vc_column_inner width=&#8221;1\/2&#8243;][st_feature_box st_template=&#8221;layout1&#8243; content_align=&#8221;text-default&#8221; icon_type=&#8221;fontawesome&#8221; icon_fontawesome=&#8221;fa fa-adjust&#8221; title_item=&#8221;ADUANAS&#8221; button_type=&#8221;button&#8221; description_item=&#8221;Representaci\u00f3n legal y asesor\u00eda. Valoraci\u00f3n, clasificaci\u00f3n, reglas de origen, reg\u00edmenes, procedimientos determinativos y sancionatorios.&#8221; image=&#8221;110&#8243;][\/vc_column_inner][vc_column_inner width=&#8221;1\/2&#8243;][st_feature_box st_template=&#8221;layout1&#8243; content_align=&#8221;text-default&#8221; icon_type=&#8221;fontawesome&#8221; icon_fontawesome=&#8221;fa fa-adjust&#8221; title_item=&#8221;COMERCIO EXTERIOR&#8221; button_type=&#8221;button&#8221; description_item=&#8221;Interpretaci\u00f3n y aplicaci\u00f3n de Tratados de Libre Comercio, integraci\u00f3n y normas de la O. M. C. Estad\u00edsticas de importaci\u00f3n.&#8221; image=&#8221;111&#8243;][\/vc_column_inner][\/vc_row_inner][vc_row_inner][vc_column_inner width=&#8221;1\/2&#8243;][st_feature_box st_template=&#8221;layout1&#8243; content_align=&#8221;text-default&#8221; icon_type=&#8221;fontawesome&#8221; icon_fontawesome=&#8221;fa fa-adjust&#8221; title_item=&#8221;REG\u00cdMENES DE INVERSI\u00d3N &#8221; button_type=&#8221;button&#8221; description_item=&#8221;Asesor\u00eda sobre ingreso a reg\u00edmenes de incentivos fiscales y representaci\u00f3n legal en procedimientos administrativos.&#8221; image=&#8221;112&#8243;][\/vc_column_inner][\/vc_row_inner][\/vc_column][\/vc_row][vc_row][vc_column][vc_empty_space][\/vc_column][\/vc_row][vc_row full_width=&#8221;stretch_row&#8221; css=&#8221;.vc_custom_1451637407831{margin-bottom: 0px !important;padding-top: 85px !important;padding-bottom: 87px !important;background-color: #f1f1f1 !important;}&#8221;][vc_column][st_customheading heading=&#8221;Noticias&#8221; st_template=&#8221;layout2&#8243; margin_bottom=&#8221;10px&#8221; content_align=&#8221;text-default&#8221;][st_carousel st_template=&#8221;layout2&#8243; xsmall_items=&#8221;1&#8243; small_items=&#8221;2&#8243; medium_items=&#8221;2&#8243; large_items=&#8221;2&#8243; margin=&#8221;35&#8243; loop=&#8221;false&#8221; nav=&#8221;false&#8221; dots=&#8221;true&#8221; autoplay=&#8221;true&#8221; source=&#8221;size:6|order_by:date|post_type:post&#8221;][\/vc_column][\/vc_row][vc_row full_width=&#8221;stretch_row&#8221; parallax=&#8221;content-moving&#8221; css=&#8221;.vc_custom_1594610360716{margin-bottom: -200px !important;padding-top: 110px !important;padding-bottom: 250px !important;background-image: url(https:\/\/servicomex.cr\/wp-content\/uploads\/2018\/07\/5-consultoria.jpg?id=1471) !important;}&#8221; el_class=&#8221;opacity06&#8243;][vc_column][st_call_to_action text_align=&#8221;text-default&#8221; st_template=&#8221;layout1&#8243; st_button_template=&#8221;custom&#8221; button_custom_color=&#8221;#fe5722&#8243; button_custom_text_color=&#8221;#ffffff&#8221; size=&#8221;regular&#8221; button_align=&#8221;text-default&#8221; icon_type=&#8221;fontawesome&#8221; icon_fontawesome=&#8221;fa fa-angle-right&#8221; heading=&#8221;Consultor\u00edas&#8221; heading_color=&#8221;#ffffff&#8221; subheading=&#8221;Puede consultarnos por esta v\u00eda sobre nuestros servicios y con gusto le podremos guiar.&#8221; subheading_color=&#8221;#ffffff&#8221; button_text=&#8221;Consultas&#8221; link=&#8221;url:http%3A%2F%2Fservicomex.biz%2F%3Fpage_id%3D14|||&#8221;][\/vc_column][\/vc_row]<\/p>\n","protected":false},"excerpt":{"rendered":"<p>[vc_row css=&#8221;.vc_custom_1451621340030{margin-top: -100px !important;margin-bottom: 0px !important;}&#8221;][vc_column][rev_slider_vc alias=&#8221;inicio&#8221;][\/vc_column][\/vc_row][vc_row full_width=&#8221;stretch_row&#8221; css=&#8221;.vc_custom_1451621476587{margin-bottom: 0px !important;background-color: #03a9f5 !important;}&#8221;][vc_column width=&#8221;1\/3&#8243; css=&#8221;.vc_custom_1451624060187{padding-top: 97px !important;padding-right: 50px !important;padding-bottom: 98px !important;}&#8221;][st_customheading heading=&#8221;\u00bfQui\u00e9nes somos? &#8221; heading_color=&#8221;#ffffff&#8221; margin_bottom=&#8221;32px&#8221; content_align=&#8221;text-default&#8221;][vc_column_text el_class=&#8221;text-whitesmoke&#8221;]Servicomex es una empresa asesora especializada en el \u00e1rea de comercio exterior y aduanas. Sus colaboradores han sido asesores y consultores para empresas privadas, sectores acad\u00e9micos, organismos internacionales [&hellip;]<\/p>\n","protected":false},"author":1,"featured_media":0,"parent":0,"menu_order":0,"comment_status":"closed","ping_status":"open","template":"","meta":{"footnotes":"","_links_to":"","_links_to_target":""},"class_list":["post-526","page","type-page","status-publish","hentry"],"_links":{"self":[{"href":"https:\/\/servicomex.cr\/index.php?rest_route=\/wp\/v2\/pages\/526","targetHints":{"allow":["GET"]}}],"collection":[{"href":"https:\/\/servicomex.cr\/index.php?rest_route=\/wp\/v2\/pages"}],"about":[{"href":"https:\/\/servicomex.cr\/index.php?rest_route=\/wp\/v2\/types\/page"}],"author":[{"embeddable":true,"href":"https:\/\/servicomex.cr\/index.php?rest_route=\/wp\/v2\/users\/1"}],"replies":[{"embeddable":true,"href":"https:\/\/servicomex.cr\/index.php?rest_route=%2Fwp%2Fv2%2Fcomments&post=526"}],"version-history":[{"count":29,"href":"https:\/\/servicomex.cr\/index.php?rest_route=\/wp\/v2\/pages\/526\/revisions"}],"predecessor-version":[{"id":1528,"href":"https:\/\/servicomex.cr\/index.php?rest_route=\/wp\/v2\/pages\/526\/revisions\/1528"}],"wp:attachment":[{"href":"https:\/\/servicomex.cr\/index.php?rest_route=%2Fwp%2Fv2%2Fmedia&parent=526"}],"curies":[{"name":"wp","href":"https:\/\/api.w.org\/{rel}","templated":true}]}}